{"id":25084,"date":"2025-01-31T15:46:22","date_gmt":"2025-01-31T15:46:22","guid":{"rendered":"https:\/\/focus-webmarketing.fr\/?page_id=25084"},"modified":"2025-07-25T15:53:43","modified_gmt":"2025-07-25T15:53:43","slug":"chalon-sur-saone-2","status":"publish","type":"page","link":"https:\/\/focus-webmarketing.fr\/en\/chalon-sur-saone\/","title":{"rendered":"Chalon-sur-Sa\u00f4ne"},"content":{"rendered":"<div data-elementor-type=\"wp-page\" data-elementor-id=\"25084\" class=\"elementor elementor-25084\" data-elementor-post-type=\"page\">\n\t\t\t\t        <section class=\"elementor-section elementor-top-section elementor-element elementor-element-b7736c5 elementor-section-boxed elementor-section-height-default elementor-section-height-default\" data-id=\"b7736c5\" data-element_type=\"section\" data-e-type=\"section\">\n\n                \n                <div class=\"elementor-container elementor-column-gap-default\">\n                <div class=\"elementor-column elementor-col-100 elementor-top-column elementor-element elementor-element-f3977a1 pxl-column-element-default\" data-id=\"f3977a1\" data-element_type=\"column\" data-e-type=\"column\">\r\n        <div class=\"elementor-widget-wrap elementor-element-populated\">\r\n                            <section class=\"elementor-section elementor-inner-section elementor-element elementor-element-4b19ac1 elementor-section-full_width elementor-section-height-min-height elementor-reverse-mobile_extra elementor-reverse-mobile elementor-section-height-default pxl-section-offset-none\" data-id=\"4b19ac1\" data-element_type=\"section\" data-e-type=\"section\" data-settings=\"{&quot;background_background&quot;:&quot;classic&quot;}\">\n\n                \n                <div class=\"elementor-container elementor-column-gap-default\">\n                <div class=\"elementor-column elementor-col-50 elementor-inner-column elementor-element elementor-element-b688441 pxl-column-element-default\" data-id=\"b688441\" data-element_type=\"column\" data-e-type=\"column\">\r\n        <div class=\"elementor-widget-wrap elementor-element-populated\">\r\n                    \t\t<div class=\"elementor-element elementor-element-310eb19 elementor-widget__width-auto elementor-absolute elementor-widget-tablet_extra__width-initial pxl-hang elementor-invisible pxl-elementor-animate elementor-widget elementor-widget-image\" data-id=\"310eb19\" data-element_type=\"widget\" data-e-type=\"widget\" data-settings=\"{&quot;_position&quot;:&quot;absolute&quot;,&quot;_animation&quot;:&quot;fadeIn&quot;}\" data-widget_type=\"image.default\">\n\t\t\t\t<div class=\"elementor-widget-container\">\n\t\t\t\t\t\t\t\t\t\t\t\t\t\t\t<img decoding=\"async\" width=\"245\" height=\"201\" src=\"https:\/\/focus-webmarketing.fr\/wp-content\/uploads\/2023\/07\/h3_image1.png\" class=\"attachment-full size-full wp-image-18725\" alt=\"slider image\" \/>\t\t\t\t\t\t\t\t\t\t\t\t\t\t\t<\/div>\n\t\t\t\t<\/div>\n\t\t\t\t<div class=\"elementor-element elementor-element-67759bc elementor-widget__width-auto elementor-absolute elementor-widget-tablet_extra__width-initial elementor-hang elementor-invisible pxl-elementor-animate elementor-widget elementor-widget-image\" data-id=\"67759bc\" data-element_type=\"widget\" data-e-type=\"widget\" data-settings=\"{&quot;_position&quot;:&quot;absolute&quot;,&quot;_animation&quot;:&quot;fadeIn&quot;}\" data-widget_type=\"image.default\">\n\t\t\t\t<div class=\"elementor-widget-container\">\n\t\t\t\t\t\t\t\t\t\t\t\t\t\t\t<img decoding=\"async\" width=\"228\" height=\"175\" src=\"https:\/\/focus-webmarketing.fr\/wp-content\/uploads\/2023\/07\/h3_image2.png\" class=\"attachment-full size-full wp-image-18726\" alt=\"slider image\" \/>\t\t\t\t\t\t\t\t\t\t\t\t\t\t\t<\/div>\n\t\t\t\t<\/div>\n\t\t\t\t<div class=\"elementor-element elementor-element-bea867d elementor-widget elementor-widget-spacer\" data-id=\"bea867d\" data-element_type=\"widget\" data-e-type=\"widget\" data-widget_type=\"spacer.default\">\n\t\t\t\t<div class=\"elementor-widget-container\">\n\t\t\t\t\t\t\t<div class=\"elementor-spacer\">\n\t\t\t<div class=\"elementor-spacer-inner\"><\/div>\n\t\t<\/div>\n\t\t\t\t\t\t<\/div>\n\t\t\t\t<\/div>\n\t\t\t\t<div class=\"elementor-element elementor-element-7b7d634 elementor-widget__width-auto elementor-absolute pxl-circle-move elementor-widget-mobile_extra__width-initial elementor-widget elementor-widget-pxl_image\" data-id=\"7b7d634\" data-element_type=\"widget\" data-e-type=\"widget\" data-settings=\"{&quot;_position&quot;:&quot;absolute&quot;}\" data-widget_type=\"pxl_image.default\">\n\t\t\t\t<div class=\"elementor-widget-container\">\n\t\t\t\t\t \r\n<div id=\"pxl_image-7b7d634-8669\" class=\"pxl-image-wg move-from-left2 default\">\r\n\t\t\t\t<img fetchpriority=\"high\" decoding=\"async\" width=\"513\" height=\"567\" src=\"https:\/\/focus-webmarketing.fr\/wp-content\/uploads\/2023\/07\/h3_image4.png\" class=\"attachment-full size-full wp-image-18728\" alt=\"slider image\" srcset=\"https:\/\/focus-webmarketing.fr\/wp-content\/uploads\/2023\/07\/h3_image4.png 513w, https:\/\/focus-webmarketing.fr\/wp-content\/uploads\/2023\/07\/h3_image4-271x300.png 271w, https:\/\/focus-webmarketing.fr\/wp-content\/uploads\/2023\/07\/h3_image4-507x560.png 507w\" sizes=\"(max-width: 513px) 100vw, 513px\" \/>\t\t\t\t\t<\/div>\r\n\t\t\t\t<\/div>\n\t\t\t\t<\/div>\n\t\t                    <\/div>\r\n        <\/div>\r\n                <div class=\"elementor-column elementor-col-50 elementor-inner-column elementor-element elementor-element-4c0c871 pxl-column-element-default\" data-id=\"4c0c871\" data-element_type=\"column\" data-e-type=\"column\">\r\n        <div class=\"elementor-widget-wrap elementor-element-populated\">\r\n                    \t\t<div class=\"elementor-element elementor-element-6abf02b elementor-widget__width-auto elementor-absolute elementor-widget elementor-widget-image\" data-id=\"6abf02b\" data-element_type=\"widget\" data-e-type=\"widget\" data-settings=\"{&quot;_position&quot;:&quot;absolute&quot;}\" data-widget_type=\"image.default\">\n\t\t\t\t<div class=\"elementor-widget-container\">\n\t\t\t\t\t\t\t\t\t\t\t\t\t\t\t<img loading=\"lazy\" decoding=\"async\" width=\"158\" height=\"96\" src=\"https:\/\/focus-webmarketing.fr\/wp-content\/uploads\/2023\/07\/h3_image3.png\" class=\"attachment-full size-full wp-image-18727\" alt=\"slider image\" \/>\t\t\t\t\t\t\t\t\t\t\t\t\t\t\t<\/div>\n\t\t\t\t<\/div>\n\t\t\t\t<div class=\"elementor-element elementor-element-0b2b505 elementor-widget elementor-widget-spacer\" data-id=\"0b2b505\" data-element_type=\"widget\" data-e-type=\"widget\" data-widget_type=\"spacer.default\">\n\t\t\t\t<div class=\"elementor-widget-container\">\n\t\t\t\t\t\t\t<div class=\"elementor-spacer\">\n\t\t\t<div class=\"elementor-spacer-inner\"><\/div>\n\t\t<\/div>\n\t\t\t\t\t\t<\/div>\n\t\t\t\t<\/div>\n\t\t\t\t<div class=\"elementor-element elementor-element-818e79c elementor-widget__width-initial elementor-widget elementor-widget-pxl_fancy_box_carousel\" data-id=\"818e79c\" data-element_type=\"widget\" data-e-type=\"widget\" data-widget_type=\"pxl_fancy_box_carousel.default\">\n\t\t\t\t<div class=\"elementor-widget-container\">\n\t\t\t\t\t    <div class=\"pxl-swiper-slider pxl-fancy-box-carousel layout-2\">\r\n        <div class=\"pxl-swiper-slider-wrap pxl-carousel-inner relative\">\r\n            <div class=\"pxl-swiper-container\" dir=\"ltr\" data-settings=\"{&quot;slide_direction&quot;:&quot;horizontal&quot;,&quot;slide_percolumn&quot;:&quot;1&quot;,&quot;slide_mode&quot;:&quot;slide&quot;,&quot;slides_to_show_xxl&quot;:&quot;1&quot;,&quot;slides_to_show&quot;:&quot;1&quot;,&quot;slides_to_show_lg&quot;:&quot;1&quot;,&quot;slides_to_show_md&quot;:&quot;1&quot;,&quot;slides_to_show_sm&quot;:&quot;1&quot;,&quot;slides_to_show_xs&quot;:&quot;1&quot;,&quot;slides_to_scroll&quot;:&quot;1&quot;,&quot;slides_gutter&quot;:0,&quot;arrow&quot;:&quot;false&quot;,&quot;dots&quot;:&quot;true&quot;,&quot;dots_style&quot;:&quot;bullets&quot;,&quot;autoplay&quot;:&quot;false&quot;,&quot;pause_on_hover&quot;:&quot;true&quot;,&quot;pause_on_interaction&quot;:&quot;true&quot;,&quot;delay&quot;:5000,&quot;loop&quot;:&quot;false&quot;,&quot;speed&quot;:400}\">\r\n                <div class=\"pxl-swiper-wrapper swiper-wrapper\">\r\n                                    <div class=\"pxl-swiper-slide swiper-slide\">\r\n                        <div class=\"item-inner\">\r\n                                                            <div class=\"item-icon\">\r\n                                    <img loading=\"lazy\" decoding=\"async\" width=\"125\" height=\"116\" src=\"https:\/\/focus-webmarketing.fr\/wp-content\/uploads\/2023\/09\/slider1-item6.png\" class=\"attachment-full\" alt=\"slider item\" \/>                                    <h3 class=\"image-title\">Focus-Web<\/h3>\r\n                                <\/div>\r\n                                                                <h3 class=\"item-title\">\r\n                                    Your digital agency in Chalon-sur-Sa\u00f4ne!                                <\/h3>\r\n                                                                <div class=\"item-description\">\r\n                                    Based in Chalon-sur-Sa\u00f4ne, we can help you with website design, SEO and visual identity. Boost your local visibility today!\n                                <\/div>\r\n                                                        <\/div>\r\n                    <\/div>\r\n                                <\/div>\r\n            <\/div>\r\n                                        <div class=\"pxl-swiper-dots\"><\/div>\r\n                    <\/div>\r\n    <\/div>\r\n\t\t\t\t<\/div>\n\t\t\t\t<\/div>\n\t\t\t\t<div class=\"elementor-element elementor-element-f44844f elementor-invisible pxl-elementor-animate elementor-widget elementor-widget-pxl_button\" data-id=\"f44844f\" data-element_type=\"widget\" data-e-type=\"widget\" data-settings=\"{&quot;_animation&quot;:&quot;fadeInUp&quot;,&quot;_animation_delay&quot;:200}\" data-widget_type=\"pxl_button.default\">\n\t\t\t\t<div class=\"elementor-widget-container\">\n\t\t\t\t\t<div id=\"pxl_button-f44844f-7599\" class=\"pxl-button-wrapper d-flex pxl-button-layout1\">\r\n    <a class=\"btn btn-gradient icon-ps-\">\r\n                <span class=\"pxl-button-text\">MAKE CONTACT<\/span>\r\n            <\/a>\r\n<\/div>\t\t\t\t<\/div>\n\t\t\t\t<\/div>\n\t\t\t\t<div class=\"elementor-element elementor-element-4a20447 elementor-widget elementor-widget-spacer\" data-id=\"4a20447\" data-element_type=\"widget\" data-e-type=\"widget\" data-widget_type=\"spacer.default\">\n\t\t\t\t<div class=\"elementor-widget-container\">\n\t\t\t\t\t\t\t<div class=\"elementor-spacer\">\n\t\t\t<div class=\"elementor-spacer-inner\"><\/div>\n\t\t<\/div>\n\t\t\t\t\t\t<\/div>\n\t\t\t\t<\/div>\n\t\t                    <\/div>\r\n        <\/div>\r\n        \t\t\t<\/div>\n\t\t<\/section>\n\t\t                    <\/div>\r\n        <\/div>\r\n        \t\t\t<\/div>\n\t\t<\/section>\n\t\t        <section class=\"elementor-section elementor-top-section elementor-element elementor-element-5453b24b elementor-section-boxed elementor-section-height-default elementor-section-height-default\" data-id=\"5453b24b\" data-element_type=\"section\" data-e-type=\"section\">\n\n                \n                <div class=\"elementor-container elementor-column-gap-default\">\n                <div class=\"elementor-column elementor-col-100 elementor-top-column elementor-element elementor-element-486999a5 pxl-column-element-default\" data-id=\"486999a5\" data-element_type=\"column\" data-e-type=\"column\">\r\n        <div class=\"elementor-widget-wrap elementor-element-populated\">\r\n                    \t\t<div class=\"elementor-element elementor-element-36ff1c1 elementor-widget elementor-widget-spacer\" data-id=\"36ff1c1\" data-element_type=\"widget\" data-e-type=\"widget\" data-widget_type=\"spacer.default\">\n\t\t\t\t<div class=\"elementor-widget-container\">\n\t\t\t\t\t\t\t<div class=\"elementor-spacer\">\n\t\t\t<div class=\"elementor-spacer-inner\"><\/div>\n\t\t<\/div>\n\t\t\t\t\t\t<\/div>\n\t\t\t\t<\/div>\n\t\t\t\t<div class=\"elementor-element elementor-element-4d5ed235 elementor-widget elementor-widget-text-editor\" data-id=\"4d5ed235\" data-element_type=\"widget\" data-e-type=\"widget\" data-widget_type=\"text-editor.default\">\n\t\t\t\t<div class=\"elementor-widget-container\">\n\t\t\t\t\t\t\t\t\t<p>Welcome to <strong>Focus-Web<\/strong>, the web agency of reference in <strong>Chalon-sur-Sa\u00f4ne<\/strong>. Whether you are a company looking for online visibility or a retailer looking to expand your business <strong>e-commerce<\/strong>, We're here to help. Discover our services and expertise to transform your needs into successful digital projects.<\/p><h2>Why choose a web agency in Chalon-sur-Sa\u00f4ne?<\/h2><p>Chalon-sur-Sa\u00f4ne is a dynamic city where many companies are looking to expand their online presence. Working with a <strong>local web agency<\/strong> not only provides a personalised service, but also in-depth knowledge of the regional market.<\/p><p>By choosing Focus-Web, you are opting for proximity and responsiveness that facilitate communication and enable optimised project monitoring. Our team is ready to respond to all your specific requests.<\/p><h3>The advantages of a local communications agency<\/h3><p>Calling on a <strong>communication agency<\/strong> located in Chalon-sur-Sa\u00f4ne offers a number of advantages:<\/p><ul><li><strong>A relationship of trust :<\/strong> Face-to-face meetings are the best way to discuss and understand each customer's needs.<\/li><li><strong>Knowledge of the local market :<\/strong> A <strong>digital strategy<\/strong> adapted to the specific characteristics of the region.<\/li><li><strong>Availability:<\/strong> A single, rapidly accessible contact.<\/li><\/ul><p>Focus-Web is committed to providing tailor-made support for each project, taking into account the specific characteristics of your business sector and your target audience.<\/p><h2>Our website creation services<\/h2><p>At Focus-Web, we offer a full range of services in <strong>website creation<\/strong> to suit all types of project. Whether you need a <strong>showcase site<\/strong> to present your company, or a platform <strong>e-commerce<\/strong> to sell your products online, we have the solution you need.<\/p><p>We do our utmost to ensure that each site is elegant, functional and optimised for the Internet. <strong>natural referencing<\/strong>, to ensure maximum visibility on search engines.<\/p><h3>Showcase website<\/h3><p>A <strong>showcase site<\/strong> is essential for any company wishing to promote itself on the Internet. It allows you to present your products, services and values while reinforcing your brand. <strong>visual identity<\/strong>. At Focus-Web, we create personalised, modern showcase sites that reflect your company's image.<\/p><p>For those of you with a Web project in mind, you can take a look at one of the following Web sites. <a href=\"https:\/\/focus-webmarketing.fr\/en\/\">a specialist agency such as Focus Web<\/a> in order to receive appropriate support.<\/p><h3>E-commerce platform<\/h3><p>Online commerce is booming, and having a high-performance online shop can considerably boost your sales. Our experts in <strong>web development<\/strong> designs secure, easy-to-use e-commerce platforms for all types of products and services.<\/p><p>We incorporate best practice in UX\/UI design to ensure an optimal user experience and boost conversions.<\/p><h2>Digital strategy and natural referencing<\/h2><p>Having a beautiful site is just the beginning. To attract visitors and convert them into customers, it's crucial to have a well-defined digital strategy and a good <strong>natural referencing<\/strong>. Focus-Web can help you in these key areas.<\/p><p>Thanks to our expertise in digital marketing, we can develop tailor-made strategies to improve your online visibility, attract more qualified traffic and increase your conversion rate.<\/p><h3>SEO audit<\/h3><p>L\u2019<strong>SEO audit<\/strong> is an essential step in identifying your site's strengths and weaknesses in terms of SEO. Our specialists meticulously analyse every aspect of your site to detect potential areas for improvement.<\/p><p>Our subsidiary in M\u00e2con, for example, <a href=\"https:\/\/focus-webmarketing.fr\/en\/nous-localiser\/macon\/\">offers creative solutions to boost your visibility<\/a> and optimise your positioning.<\/p><h3>On-Page and Off-Page optimisation<\/h3><p>Our SEO services include both On-Page and Off-Page techniques. On-Page optimisation concerns the elements directly present on your site (content, HTML tags, internal linking), while Off-Page optimisation encompasses external actions such as the creation of quality backlinks.<\/p><p>By combining these two elements, we guarantee a complete and effective SEO strategy to boost your visibility.<\/p><h2>Custom web development<\/h2><p>Every project is unique, so we offer solutions to meet your needs. <strong>web development<\/strong> fully customised. Our developers have in-depth technical expertise, enabling them to create complex web applications and specific functionalities to meet your requirements.<\/p><p>Whether you want to integrate a content management system, develop a mobile application or simply add functionality to your existing site, Focus-Web can meet all your technical requirements.<\/p><h3>Content management systems (CMS)<\/h3><p>Content management is essential to keep your site up to date and relevant. We work with the main CMS on the market, such as WordPress, Joomla and Drupal, to provide you with intuitive, high-performance interfaces.<\/p><p>Our experts will train you in the use of these tools so that you can manage your site independently, while benefiting from ongoing technical support if necessary.<\/p><h3>Mobile and web applications<\/h3><p>With the increasing use of smartphones, having a mobile application is becoming a major asset for reaching a wider audience. Focus-Web develops mobile and web applications tailored to your specific needs.<\/p><p>Our agile approach enables us to complete each project on time and on budget, while guaranteeing impeccable quality.<\/p><h2>Visual identity and branding<\/h2><p>L\u2019<strong>visual identity<\/strong> is what sets your company apart from its competitors. It must be consistent, attractive and representative of your values. Focus-Web can help you create a strong, striking visual identity.<\/p><p>From creating logos to choosing colours and typography, we take charge of all aspects of your branding to build a solid, memorable image.<\/p><h3>Logo design<\/h3><p>The logo is often the first visual contact between a company and its customers. It must therefore be carefully designed and reflect the spirit of your company. Our graphic designers create unique logos that are recognised for their aesthetic quality and relevance.<\/p><p>We make sure that each logo can be adapted to different media (website, business cards, brochures) to ensure total consistency in your visual communication.<\/p><h3>Graphic charter<\/h3><p>A well-defined graphic charter ensures that your company's visual identity is maintained and harmonised across all your communication media. We design complete graphic charters including logos, colour palettes, typography and user guidelines.<\/p><p>This visual cohesion reinforces the recognition of your brand with your audience and promotes a professional and credible image.<\/p><h2>Examples of projects<\/h2><table border=\"1\"><tbody><tr><th>Project<\/th><th>Description<\/th><th>Type of site<\/th><\/tr><tr><td>ABC Company<\/td><td>Complete redesign of the website with SEO optimisation.<\/td><td>Showcase website<\/td><\/tr><tr><td>XYZ shop<\/td><td>Development of an e-commerce platform with secure payment.<\/td><td>E-commerce<\/td><\/tr><tr><td>DEF Association<\/td><td>Creation of a mobile application to facilitate event management.<\/td><td>Mobile application<\/td><\/tr><\/tbody><\/table><h2>Contact us<\/h2><p>Do you have a project in mind or would you like to find out more about our services? Contact Focus-Web today. We'll be delighted to discuss your needs and work with you to find the best solution for growing your online presence.<\/p><p>Don't wait any longer, your digital future starts here, in Chalon-sur-Sa\u00f4ne, with Focus-Web!<\/p>\t\t\t\t\t\t\t\t<\/div>\n\t\t\t\t<\/div>\n\t\t\t\t<div class=\"elementor-element elementor-element-64c2bbf elementor-widget elementor-widget-spacer\" data-id=\"64c2bbf\" data-element_type=\"widget\" data-e-type=\"widget\" data-widget_type=\"spacer.default\">\n\t\t\t\t<div class=\"elementor-widget-container\">\n\t\t\t\t\t\t\t<div class=\"elementor-spacer\">\n\t\t\t<div class=\"elementor-spacer-inner\"><\/div>\n\t\t<\/div>\n\t\t\t\t\t\t<\/div>\n\t\t\t\t<\/div>\n\t\t\t\t<div class=\"elementor-element elementor-element-d0323cb elementor-widget elementor-widget-pxl_button\" data-id=\"d0323cb\" data-element_type=\"widget\" data-e-type=\"widget\" data-widget_type=\"pxl_button.default\">\n\t\t\t\t<div class=\"elementor-widget-container\">\n\t\t\t\t\t<div id=\"pxl_button-d0323cb-5423\" class=\"pxl-button-wrapper d-flex pxl-button-layout1\">\r\n    <a class=\"btn  icon-ps-\">\r\n                <span class=\"pxl-button-text\">MAKE CONTACT<\/span>\r\n            <\/a>\r\n<\/div>\t\t\t\t<\/div>\n\t\t\t\t<\/div>\n\t\t                    <\/div>\r\n        <\/div>\r\n        \t\t\t<\/div>\n\t\t<\/section>\n\t\t\t\t<\/div>","protected":false},"excerpt":{"rendered":"<p>Focus-Web Votre agence digitale \u00e0 Chalon-sur-Sa\u00f4ne ! Pr\u00e9sents \u00e0 Chalon-sur-Sa\u00f4ne, nous vous accompagnons dans la cr\u00e9ation de sites web, le SEO et votre identit\u00e9 visuelle. Boostez votre visibilit\u00e9 locale d\u00e8s aujourd\u2019hui ! PRENDRE CONTACT Bienvenue chez Focus-Web, l&#8217;agence web de r\u00e9f\u00e9rence \u00e0 Chalon-sur-Sa\u00f4ne. Que vous soyez une entreprise en qu\u00eate de visibilit\u00e9 en ligne ou [&hellip;]<\/p>\n","protected":false},"author":1,"featured_media":0,"parent":0,"menu_order":0,"comment_status":"closed","ping_status":"closed","template":"","meta":{"_seopress_robots_primary_cat":"","_seopress_titles_title":"Agence Web Chalon-sur-Sa\u00f4ne | Sites Sa\u00f4ne-et-Loire","_seopress_titles_desc":"Votre agence web \u00e0 Chalon-sur-Sa\u00f4ne. Cr\u00e9ation de site internet et r\u00e9f\u00e9rencement SEO\/SEA pour entreprises de Sa\u00f4ne-et-Loire.","_seopress_robots_index":"","footnotes":""},"class_list":["post-25084","page","type-page","status-publish","hentry"],"_links":{"self":[{"href":"https:\/\/focus-webmarketing.fr\/en\/wp-json\/wp\/v2\/pages\/25084","targetHints":{"allow":["GET"]}}],"collection":[{"href":"https:\/\/focus-webmarketing.fr\/en\/wp-json\/wp\/v2\/pages"}],"about":[{"href":"https:\/\/focus-webmarketing.fr\/en\/wp-json\/wp\/v2\/types\/page"}],"author":[{"embeddable":true,"href":"https:\/\/focus-webmarketing.fr\/en\/wp-json\/wp\/v2\/users\/1"}],"replies":[{"embeddable":true,"href":"https:\/\/focus-webmarketing.fr\/en\/wp-json\/wp\/v2\/comments?post=25084"}],"version-history":[{"count":0,"href":"https:\/\/focus-webmarketing.fr\/en\/wp-json\/wp\/v2\/pages\/25084\/revisions"}],"wp:attachment":[{"href":"https:\/\/focus-webmarketing.fr\/en\/wp-json\/wp\/v2\/media?parent=25084"}],"curies":[{"name":"wp","href":"https:\/\/api.w.org\/{rel}","templated":true}]}}