{"id":25234,"date":"2025-02-06T13:48:00","date_gmt":"2025-02-06T13:48:00","guid":{"rendered":"https:\/\/focus-webmarketing.fr\/?page_id=25234"},"modified":"2025-07-25T15:54:33","modified_gmt":"2025-07-25T15:54:33","slug":"paid-search-google-ads-search","status":"publish","type":"page","link":"https:\/\/focus-webmarketing.fr\/en\/referencement-payant-google-ads-search\/","title":{"rendered":"Google Ads"},"content":{"rendered":"<div data-elementor-type=\"wp-page\" data-elementor-id=\"25234\" class=\"elementor elementor-25234\" data-elementor-post-type=\"page\">\n\t\t\t\t        <section class=\"elementor-section elementor-top-section elementor-element elementor-element-0cc5c8b elementor-section-boxed elementor-section-height-default elementor-section-height-default\" data-id=\"0cc5c8b\" data-element_type=\"section\" data-e-type=\"section\">\n\n                \n                <div class=\"elementor-container elementor-column-gap-default\">\n                <div class=\"elementor-column elementor-col-50 elementor-top-column elementor-element elementor-element-f616033 pxl-column-element-default\" data-id=\"f616033\" data-element_type=\"column\" data-e-type=\"column\">\r\n        <div class=\"elementor-widget-wrap elementor-element-populated\">\r\n                    \t\t<div class=\"elementor-element elementor-element-7a9d710 pxl-heading-layout-1 elementor-widget elementor-widget-pxl_heading\" data-id=\"7a9d710\" data-element_type=\"widget\" data-e-type=\"widget\" data-widget_type=\"pxl_heading.default\">\n\t\t\t\t<div class=\"elementor-widget-container\">\n\t\t\t\t\t<div class=\"pxl-heading-wrap d-flex layout1\">\n    <div class=\"pxl-heading-inner\">\n        \n        <h2 class=\"heading-title\">\n            <span >\n                Boost your visibility with high-performance Google Ads campaigns!            <\/span>\n                    <\/h2>\n                            <div class=\"heading-underline solid\">\n                <span class=\"pxl-divider\"><\/span>\n            <\/div>\n            <\/div>\n<\/div>\n\n\t\t\t\t<\/div>\n\t\t\t\t<\/div>\n\t\t\t\t<div class=\"elementor-element elementor-element-621ca9d elementor-widget elementor-widget-pxl_text_editor\" data-id=\"621ca9d\" data-element_type=\"widget\" data-e-type=\"widget\" data-widget_type=\"pxl_text_editor.default\">\n\t\t\t\t<div class=\"elementor-widget-container\">\n\t\t\t\t\t<div id=\"pxl_text_editor-621ca9d-5793\" class=\"pxl-text-editor-wrap d-flex\" >\n\t<div class=\"pxl-text-editor elementor-clearfix\">\n        <p>Are you looking for an effective way to generate <strong>qualified traffic<\/strong> and maximise your <strong>return on investment<\/strong> (ROI)? Visit <strong>Google Ads campaigns<\/strong> are the ideal solution for achieving these objectives. Focus Web, a certified agency <strong>Google Partner<\/strong> based in M\u00e2con, offers personalised support to ensure the effectiveness of your online advertising. Find out how this collaboration can transform your <strong>online visibility<\/strong> with services for auditing, creating, optimising and tracking Google Ads campaigns.<\/p>\t<\/div>\n<\/div>\t\t\t\t<\/div>\n\t\t\t\t<\/div>\n\t\t                    <\/div>\r\n        <\/div>\r\n                <div class=\"elementor-column elementor-col-50 elementor-top-column elementor-element elementor-element-4a3a7aa pxl-column-element-default\" data-id=\"4a3a7aa\" data-element_type=\"column\" data-e-type=\"column\">\r\n        <div class=\"elementor-widget-wrap elementor-element-populated\">\r\n                    \t\t<div class=\"elementor-element elementor-element-c1f665d elementor-widget elementor-widget-pxl_list\" data-id=\"c1f665d\" data-element_type=\"widget\" data-e-type=\"widget\" data-widget_type=\"pxl_list.default\">\n\t\t\t\t<div class=\"elementor-widget-container\">\n\t\t\t\t\t    <div class=\"pxl-list\">\r\n        <div class=\"pxl-item-list\">\r\n                            <div class=\"pxl-list-content\">\r\n                    <div class=\"pxl-list-icon\"><i aria-hidden=\"true\" class=\"fas fa-check\"><\/i><\/div>                                        <span>Customised strategy<\/span>\r\n                                    <\/div>\r\n                            <div class=\"pxl-list-content\">\r\n                    <div class=\"pxl-list-icon\"><i aria-hidden=\"true\" class=\"fas fa-check\"><\/i><\/div>                                        <span>Continuous optimisation<\/span>\r\n                                    <\/div>\r\n                            <div class=\"pxl-list-content\">\r\n                    <div class=\"pxl-list-icon\"><i aria-hidden=\"true\" class=\"fas fa-check\"><\/i><\/div>                                        <span>Analysis and detailed reporting<\/span>\r\n                                    <\/div>\r\n                            <div class=\"pxl-list-content\">\r\n                    <div class=\"pxl-list-icon\"><i aria-hidden=\"true\" class=\"fas fa-check\"><\/i><\/div>                                        <span>Wide range of campaigns<\/span>\r\n                                    <\/div>\r\n                            <div class=\"pxl-list-content\">\r\n                    <div class=\"pxl-list-icon\"><i aria-hidden=\"true\" class=\"fas fa-check\"><\/i><\/div>                                        <span>Precise targeting for high-performance results<\/span>\r\n                                    <\/div>\r\n                    <\/div>\r\n    <\/div>\r\n\t\t\t\t<\/div>\n\t\t\t\t<\/div>\n\t\t                    <\/div>\r\n        <\/div>\r\n        \t\t\t<\/div>\n\t\t<\/section>\n\t\t        <section class=\"elementor-section elementor-top-section elementor-element elementor-element-ddeab79 elementor-section-full_width elementor-section-height-default elementor-section-height-default pxl-section-offset-none\" data-id=\"ddeab79\" data-element_type=\"section\" data-e-type=\"section\" data-settings=\"{&quot;shape_divider_top&quot;:&quot;pxl-waves&quot;,&quot;background_background&quot;:&quot;gradient&quot;,&quot;shape_divider_top_negative&quot;:&quot;yes&quot;}\">\n\n                            <div class=\"elementor-background-overlay\"><\/div>\n            \t\t<div class=\"elementor-shape elementor-shape-top\" aria-hidden=\"true\" data-negative=\"true\">\n\t\t\t<svg xmlns=\"http:\/\/www.w3.org\/2000\/svg\" preserveaspectratio=\"none\" viewbox=\"0 0 1440 150\">\n    <path class=\"elementor-shape-fill\" d=\"M 0 26.1978 C 275.76 83.8152 430.707 65.0509 716.279 25.6386 C 930.422 -3.86123 1210.32 -3.98357 1439 9.18045 C 2072.34 45.9691 2201.93 62.4429 2560 26.198 V 172.199 L 0 172.199 V 26.1978 Z\">\n        <animate repeatcount=\"indefinite\" fill=\"freeze\" attributename=\"d\" dur=\"10s\" values=\"M0 25.9086C277 84.5821 433 65.736 720 25.9086C934.818 -3.9019 1214.06 -5.23669 1442 8.06597C2079 45.2421 2208 63.5007 2560 25.9088V171.91L0 171.91V25.9086Z; M0 86.3149C316 86.315 444 159.155 884 51.1554C1324 -56.8446 1320.29 34.1214 1538 70.4063C1814 116.407 2156 188.408 2560 86.315V232.317L0 232.316V86.3149Z; M0 53.6584C158 11.0001 213 0 363 0C513 0 855.555 115.001 1154 115.001C1440 115.001 1626 -38.0004 2560 53.6585V199.66L0 199.66V53.6584Z; M0 25.9086C277 84.5821 433 65.736 720 25.9086C934.818 -3.9019 1214.06 -5.23669 1442 8.06597C2079 45.2421 2208 63.5007 2560 25.9088V171.91L0 171.91V25.9086Z\">\n        <\/animate>\n    <\/path>\n<\/svg>\t\t<\/div>\n\t\t\n                <div class=\"elementor-container elementor-column-gap-default\">\n                <div class=\"elementor-column elementor-col-100 elementor-top-column elementor-element elementor-element-37ee487 pxl-column-element-default\" data-id=\"37ee487\" data-element_type=\"column\" data-e-type=\"column\" data-settings=\"{&quot;background_background&quot;:&quot;classic&quot;}\">\r\n        <div class=\"elementor-widget-wrap elementor-element-populated\">\r\n                            <section class=\"elementor-section elementor-inner-section elementor-element elementor-element-bb3898a elementor-reverse-tablet elementor-reverse-mobile_extra elementor-reverse-mobile elementor-section-boxed elementor-section-height-default elementor-section-height-default\" data-id=\"bb3898a\" data-element_type=\"section\" data-e-type=\"section\">\n\n                \n                <div class=\"elementor-container elementor-column-gap-default\">\n                <div class=\"elementor-column elementor-col-50 elementor-inner-column elementor-element elementor-element-dda238a tilt-hover pxl-column-element-default\" data-id=\"dda238a\" data-element_type=\"column\" data-e-type=\"column\">\r\n        <div class=\"elementor-widget-wrap elementor-element-populated\">\r\n                    \t\t<div class=\"elementor-element elementor-element-3ca1b6b elementor-widget-tablet__width-initial elementor-invisible pxl-elementor-animate elementor-widget elementor-widget-image\" data-id=\"3ca1b6b\" data-element_type=\"widget\" data-e-type=\"widget\" data-settings=\"{&quot;_animation&quot;:&quot;fadeInLeft&quot;}\" data-widget_type=\"image.default\">\n\t\t\t\t<div class=\"elementor-widget-container\">\n\t\t\t\t\t\t\t\t\t\t\t\t\t\t\t<img fetchpriority=\"high\" decoding=\"async\" width=\"382\" height=\"644\" src=\"https:\/\/focus-webmarketing.fr\/wp-content\/uploads\/2022\/12\/smm_form.png\" class=\"attachment-full size-full wp-image-15473\" alt=\"form\" srcset=\"https:\/\/focus-webmarketing.fr\/wp-content\/uploads\/2022\/12\/smm_form.png 382w, https:\/\/focus-webmarketing.fr\/wp-content\/uploads\/2022\/12\/smm_form-178x300.png 178w, https:\/\/focus-webmarketing.fr\/wp-content\/uploads\/2022\/12\/smm_form-332x560.png 332w\" sizes=\"(max-width: 382px) 100vw, 382px\" \/>\t\t\t\t\t\t\t\t\t\t\t\t\t\t\t<\/div>\n\t\t\t\t<\/div>\n\t\t                    <\/div>\r\n        <\/div>\r\n                <div class=\"elementor-column elementor-col-50 elementor-inner-column elementor-element elementor-element-33bae5a pxl-column-element-default\" data-id=\"33bae5a\" data-element_type=\"column\" data-e-type=\"column\">\r\n        <div class=\"elementor-widget-wrap elementor-element-populated\">\r\n                    \t\t<div class=\"elementor-element elementor-element-6c8392c elementor-widget__width-auto elementor-absolute up-down-move-3 elementor-widget-mobile__width-initial elementor-widget elementor-widget-image\" data-id=\"6c8392c\" data-element_type=\"widget\" data-e-type=\"widget\" data-settings=\"{&quot;_position&quot;:&quot;absolute&quot;}\" data-widget_type=\"image.default\">\n\t\t\t\t<div class=\"elementor-widget-container\">\n\t\t\t\t\t\t\t\t\t\t\t\t\t\t\t<img decoding=\"async\" width=\"175\" height=\"158\" src=\"https:\/\/focus-webmarketing.fr\/wp-content\/uploads\/2022\/12\/smm_form_icon.png\" class=\"attachment-full size-full wp-image-15440\" alt=\"form_icon\" \/>\t\t\t\t\t\t\t\t\t\t\t\t\t\t\t<\/div>\n\t\t\t\t<\/div>\n\t\t\t\t<div class=\"elementor-element elementor-element-0d6dcea pxl-heading-layout-1 elementor-widget elementor-widget-pxl_heading\" data-id=\"0d6dcea\" data-element_type=\"widget\" data-e-type=\"widget\" data-widget_type=\"pxl_heading.default\">\n\t\t\t\t<div class=\"elementor-widget-container\">\n\t\t\t\t\t<div class=\"pxl-heading-wrap d-flex layout1\">\n    <div class=\"pxl-heading-inner\">\n        \n        <h2 class=\"heading-title\">\n            <span >\n                Let's talk about your project!            <\/span>\n                    <\/h2>\n                    <\/div>\n<\/div>\n\n\t\t\t\t<\/div>\n\t\t\t\t<\/div>\n\t\t\t\t<div class=\"elementor-element elementor-element-35e6a0a elementor-widget elementor-widget-text-editor\" data-id=\"35e6a0a\" data-element_type=\"widget\" data-e-type=\"widget\" data-widget_type=\"text-editor.default\">\n\t\t\t\t<div class=\"elementor-widget-container\">\n\t\t\t\t\t\t\t\t\t<div class=\"elementor-element elementor-element-f11ef00 elementor-widget elementor-widget-pxl_text_editor\" data-id=\"f11ef00\" data-element_type=\"widget\" data-widget_type=\"pxl_text_editor.default\"><div class=\"elementor-widget-container\"><div id=\"pxl_text_editor-f11ef00-9345\" class=\"pxl-text-editor-wrap d-flex\"><div class=\"pxl-text-editor elementor-clearfix\"><div class=\"elementor-element elementor-element-139c49a elementor-widget elementor-widget-pxl_text_editor\" data-id=\"139c49a\" data-element_type=\"widget\" data-widget_type=\"pxl_text_editor.default\"><div class=\"elementor-widget-container\"><div id=\"pxl_text_editor-139c49a-8187\" class=\"pxl-text-editor-wrap d-flex\"><div class=\"pxl-text-editor elementor-clearfix\"><p>Would you like a\u00a0<strong>high-performance website<\/strong>\u00a0and a\u00a0<strong>effective digital strategy<\/strong>\u00a0? Whether it's for\u00a0<strong>create a custom website<\/strong>, improve your\u00a0<strong>online visibility<\/strong>\u00a0or boost your\u00a0<strong>marketing campaigns<\/strong>, Our team is ready to listen. Fill in the form and let's talk about your project!<\/p><\/div><\/div><\/div><\/div><\/div><\/div><\/div><\/div>\t\t\t\t\t\t\t\t<\/div>\n\t\t\t\t<\/div>\n\t\t\t\t<div class=\"elementor-element elementor-element-a070ad3 elementor-widget elementor-widget-pxl_contact_form\" data-id=\"a070ad3\" data-element_type=\"widget\" data-e-type=\"widget\" data-widget_type=\"pxl_contact_form.default\">\n\t\t\t\t<div class=\"elementor-widget-container\">\n\t\t\t\t\t        <div id=\"pxl_contact_form-a070ad3-7543\" class=\"pxl-contact-form7\">\r\n            <div class=\"pxl-contact-form-inner\">\r\n                \n<div class=\"wpcf7 no-js\" id=\"wpcf7-f4575-o1\" lang=\"en-US\" dir=\"ltr\" data-wpcf7-id=\"4575\">\n<div class=\"screen-reader-response\"><p role=\"status\" aria-live=\"polite\" aria-atomic=\"true\"><\/p> <ul><\/ul><\/div>\n<form action=\"\/en\/wp-json\/wp\/v2\/pages\/25234#wpcf7-f4575-o1\" method=\"post\" class=\"wpcf7-form init\" aria-label=\"Contact form\" novalidate=\"novalidate\" data-status=\"init\" data-trp-original-action=\"\/en\/wp-json\/wp\/v2\/pages\/25234#wpcf7-f4575-o1\">\n<fieldset class=\"hidden-fields-container\"><input type=\"hidden\" name=\"_wpcf7\" value=\"4575\" \/><input type=\"hidden\" name=\"_wpcf7_version\" value=\"6.1.5\" \/><input type=\"hidden\" name=\"_wpcf7_locale\" value=\"en_US\" \/><input type=\"hidden\" name=\"_wpcf7_unit_tag\" value=\"wpcf7-f4575-o1\" \/><input type=\"hidden\" name=\"_wpcf7_container_post\" value=\"0\" \/><input type=\"hidden\" name=\"_wpcf7_posted_data_hash\" value=\"\" \/><input type=\"hidden\" name=\"_wpcf7_recaptcha_response\" value=\"\" \/>\n<\/fieldset>\n<div class=\"row g-20\">\n    <div class=\"ct-input col-lg-4\"><span class=\"wpcf7-form-control-wrap\" data-name=\"ct_name\"><input size=\"40\" maxlength=\"400\" class=\"wpcf7-form-control wpcf7-text wpcf7-validates-as-required\" aria-required=\"true\" aria-invalid=\"false\" placeholder=\"Last name \/ First name*\" value=\"\" type=\"text\" name=\"ct_name\" \/><\/span><\/div>\n    <div class=\"ct-input col-lg-4\"><span class=\"wpcf7-form-control-wrap\" data-name=\"ct_email\"><input size=\"40\" maxlength=\"400\" class=\"wpcf7-form-control wpcf7-email wpcf7-validates-as-required wpcf7-text wpcf7-validates-as-email\" aria-required=\"true\" aria-invalid=\"false\" placeholder=\"Email\" value=\"\" type=\"email\" name=\"ct_email\" \/><\/span><\/div>\n    <div class=\"ct-input col-lg-4\"><span class=\"wpcf7-form-control-wrap\" data-name=\"ct_phone\"><input size=\"40\" maxlength=\"400\" class=\"wpcf7-form-control wpcf7-tel wpcf7-validates-as-required wpcf7-text wpcf7-validates-as-tel\" aria-required=\"true\" aria-invalid=\"false\" placeholder=\"Phone number\" value=\"\" type=\"tel\" name=\"ct_phone\" \/><\/span><\/div>\n    <div class=\"ct-input col-lg-12\"><span class=\"wpcf7-form-control-wrap\" data-name=\"ct_message\"><textarea cols=\"40\" rows=\"10\" maxlength=\"2000\" class=\"wpcf7-form-control wpcf7-textarea wpcf7-validates-as-required ctc_message\" aria-required=\"true\" aria-invalid=\"false\" placeholder=\"Your message...\" name=\"ct_message\"><\/textarea><\/span><\/div>\n    <div class=\"ct-input col-lg-12\" style=\"text-align:center; margin-top:42px;\">\n       <div class=\"pxl-button-wrapper\">\n<button type=\"submit\" class=\"wpcf7-form-control wpcf7-submit btn btn-gradient\"><span>SEND&nbsp;<i class=\"pxli-comment-dots\"><\/i><\/span><\/button>\n       <\/div>\n    <\/div>\n<\/div><div class=\"wpcf7-response-output\" aria-hidden=\"true\"><\/div>\n<input type=\"hidden\" name=\"trp-form-language\" value=\"en\"\/><\/form>\n<\/div>\n            <\/div>\r\n        <\/div>\r\n        \t\t\t\t<\/div>\n\t\t\t\t<\/div>\n\t\t                    <\/div>\r\n        <\/div>\r\n        \t\t\t<\/div>\n\t\t<\/section>\n\t\t                    <\/div>\r\n        <\/div>\r\n        \t\t\t<\/div>\n\t\t<\/section>\n\t\t        <section class=\"elementor-section elementor-top-section elementor-element elementor-element-ce1052d elementor-section-boxed elementor-section-height-default elementor-section-height-default\" data-id=\"ce1052d\" data-element_type=\"section\" data-e-type=\"section\">\n\n                \n                <div class=\"elementor-container elementor-column-gap-default\">\n                <div class=\"elementor-column elementor-col-100 elementor-top-column elementor-element elementor-element-3d9687e pxl-column-element-default\" data-id=\"3d9687e\" data-element_type=\"column\" data-e-type=\"column\">\r\n        <div class=\"elementor-widget-wrap elementor-element-populated\">\r\n                    \t\t<div class=\"elementor-element elementor-element-e69edc2 elementor-widget elementor-widget-spacer\" data-id=\"e69edc2\" data-element_type=\"widget\" data-e-type=\"widget\" data-widget_type=\"spacer.default\">\n\t\t\t\t<div class=\"elementor-widget-container\">\n\t\t\t\t\t\t\t<div class=\"elementor-spacer\">\n\t\t\t<div class=\"elementor-spacer-inner\"><\/div>\n\t\t<\/div>\n\t\t\t\t\t\t<\/div>\n\t\t\t\t<\/div>\n\t\t\t\t<div class=\"elementor-element elementor-element-ca92ec2 elementor-widget elementor-widget-text-editor\" data-id=\"ca92ec2\" data-element_type=\"widget\" data-e-type=\"widget\" data-widget_type=\"text-editor.default\">\n\t\t\t\t<div class=\"elementor-widget-container\">\n\t\t\t\t\t\t\t\t\t<h2>The effectiveness of Google Ads campaigns<\/h2><p>The <strong>Google Ads campaigns<\/strong> allow companies to precisely target their audience with different types of advertising, such as <strong>Search<\/strong>, <strong>Display<\/strong>, <strong>Remarketing<\/strong> and <strong>Shopping<\/strong>. Whether you want to raise your profile, attract more visitors to your website or convert these visits into sales, Google Ads is a powerful tool for achieving this.<\/p><p>Thanks to its extensive network and <strong>sophisticated targeting<\/strong>, With Google Ads, you can reach Internet users when they are actively looking for your products or services. This translates into better quality traffic and higher click-through rates. <strong>conversion<\/strong> higher. The key to this success lies in the effective use of <strong>keywords<\/strong>, attractive visual creations and relevant messages.<\/p><h3>The potential of search advertising<\/h3><p>The <strong>Search ads<\/strong> appear at the top of search results when users enter specific keywords related to your business. These targeted ads provide immediate visibility to Internet users interested in your products or services, increasing your chances of conversions.<\/p><p>To get the most out of Search ads, it's essential to choose the right keywords and write attractive ads that encourage people to click. The team at <a href=\"https:\/\/focus-webmarketing.fr\/en\/\">Focus Web<\/a> in M\u00e2con has the expertise to optimise every aspect of your search campaigns, guaranteeing optimum performance and maximum ROI.<\/p><h3>The virtues of Display campaigns<\/h3><p>The <strong>Display campaigns<\/strong> offer the possibility of displaying visually attractive advertisements on partner websites in the Google Display network. This method enables you to expand your audience and boost your brand awareness by reaching web users as they browse the Internet every day.<\/p><p>With Focus Web, each Display campaign is tailor-made to capture the attention of the right audience, increasing engagement and visits to your website. Thanks to a strategic selection of partner sites and impactful visuals, these campaigns can significantly boost your <strong>online visibility<\/strong>.<\/p><h2>Focus Web in M\u00e2con: certified expertise for your Google Ads campaigns<\/h2><p><a href=\"https:\/\/focus-webmarketing.fr\/en\/\">Focus Web<\/a> is a certified agency <strong>Google Partner<\/strong> based in M\u00e2con. This certification testifies to our expertise and our commitment to providing high-quality services. Google Partner status means we have the skills and knowledge to manage your Google Ads campaigns effectively.<\/p><h3>A comprehensive, strategic audit<\/h3><p>Before launching any campaign, Focus Web carries out a <strong>in-depth audit<\/strong> your site and your competition. This initial diagnosis will enable us to identify areas for improvement and put in place a natural and paid search strategy that is perfectly suited to your objectives.<\/p><p>Our experts take a close look at your landing pages, your current keywords and your previous campaigns (if any) to identify opportunities for growth. This thorough audit ensures a solid foundation for high-performance campaigns right from the start.<\/p><h3>Creating and customising campaigns<\/h3><p>The creation phase is crucial to the success of Google Ads campaigns. At Focus Web, each campaign is customised according to the specifics of your business and the profile of your target audience. We design powerful ads and select the most relevant keywords to maximise your visibility and conversions.<\/p><p>Whether it's Search, Display, Remarketing or Shopping ads, our team does everything possible to capture your audience's interest. Every element of your campaigns is designed to generate maximum engagement and convert clicks into concrete actions.<\/p><h3>Continuous optimisation for superior results<\/h3><p><strong>Optimisation<\/strong> is at the heart of our approach at Focus Web. Once campaigns are launched, we constantly monitor their performance to adjust parameters and improve results. Regular adjustments to bids, keywords, geographical targets and advertising messages ensure that campaigns are always aligned with your objectives.<\/p><p>Data analysis and detailed reporting enable you to make informed decisions and maximise your return on investment. Our experts use state-of-the-art analytical tools to understand user behaviour and adapt strategies accordingly.<\/p><h2>Types of Google Ads campaigns managed by Focus Web<\/h2><p>At Focus Web, we master all aspects of Google Ads campaigns, offering a comprehensive and coherent approach to meet the varied needs of our clients.<\/p><h3>Search campaigns<\/h3><ul><li>Selection of relevant keywords<\/li><li>Writing engaging ads<\/li><li>Regular monitoring to adjust bids<\/li><\/ul><p>The <strong>Search campaigns<\/strong>, are ideal for capturing an audience with the intention of making a purchase. From the selection of keywords to the optimisation of ad texts, Focus Web ensures that every click is likely to generate a conversion.<\/p><h3>Display campaigns<\/h3><ul><li>Creation of attractive banners<\/li><li>Strategic choice of investments<\/li><li>Performance analysis by network<\/li><\/ul><p>Thanks to <strong>Display campaigns<\/strong>, we help our customers to raise their profile by distributing <strong>visual advertising<\/strong> on popular websites. Attractive visuals and strategic placements make it possible to captivate a large audience while remaining relevant.<\/p><h3>Remarketing campaigns<\/h3><p>Le <strong>remarketing<\/strong> aims to recapture the attention of users who have already visited your website without making a purchase. By displaying ads reminding users of your offers, Focus Web helps you close more sales and build loyalty among your potential customers.<\/p><h3>Shopping campaigns<\/h3><p>For e-tailers, the <strong>Shopping campaigns<\/strong> are essential. They enable your products to be displayed directly in Google search results. Focus Web optimises your product sheets and shopping ads to boost your online sales.<\/p><h2>Why choose Focus Web in M\u00e2con for your Google Ads campaigns?<\/h2><p>When you choose Focus Web, you benefit from a personalised service and recognised expertise. Our aim is to ensure <strong>growth<\/strong> of your company thanks to <strong>effective Google Ads campaigns<\/strong> and profitable. Here's why our customers put their trust in us:<\/p><table><tbody><tr><th>Services<\/th><th>Benefits<\/th><\/tr><tr><td>Audit<\/td><td>Identify areas for improvement and propose practical solutions<\/td><\/tr><tr><td>Creation<\/td><td>Personalised campaigns tailored to your business and target audience<\/td><\/tr><tr><td>Optimisation<\/td><td>Constant adjustments to improve results and ROI<\/td><\/tr><tr><td>Follow-up<\/td><td>Detailed reporting and performance analysis for informed decision-making<\/td><\/tr><\/tbody><\/table><p>When you choose Focus Web, you can be sure of expert management of your campaigns, an improvement in your marketing efficiency and a reduction in the number of visitors to your website. <strong>online visibility<\/strong> and a <strong>increased return on investment<\/strong>. Contact us today to find out how we can optimise your business. <strong>Google Ads campaigns<\/strong>.<\/p>\t\t\t\t\t\t\t\t<\/div>\n\t\t\t\t<\/div>\n\t\t                    <\/div>\r\n        <\/div>\r\n        \t\t\t<\/div>\n\t\t<\/section>\n\t\t\t\t<\/div>","protected":false},"excerpt":{"rendered":"<p>Boostez votre visibilit\u00e9 avec des campagnes Google Ads performantes ! Vous recherchez un moyen efficace de g\u00e9n\u00e9rer du trafic qualifi\u00e9 et de maximiser votre retour sur investissement (ROI) ? Les campagnes Google Ads sont la solution id\u00e9ale pour atteindre ces objectifs. Focus Web, une agence certifi\u00e9e Google Partner situ\u00e9e \u00e0 M\u00e2con, offre un accompagnement personnalis\u00e9 [&hellip;]<\/p>\n","protected":false},"author":1,"featured_media":0,"parent":0,"menu_order":0,"comment_status":"closed","ping_status":"closed","template":"","meta":{"_seopress_robots_primary_cat":"","_seopress_titles_title":"Campagnes Google Ads M\u00e2con | Publicit\u00e9 Search & Shopping","_seopress_titles_desc":"Des campagnes Google Ads Search pens\u00e9es pour la conversion. Attirez les bons clients avec un ROI mesur\u00e9 \u00e0 M\u00e2con et alentours.","_seopress_robots_index":"","footnotes":""},"class_list":["post-25234","page","type-page","status-publish","hentry"],"_links":{"self":[{"href":"https:\/\/focus-webmarketing.fr\/en\/wp-json\/wp\/v2\/pages\/25234","targetHints":{"allow":["GET"]}}],"collection":[{"href":"https:\/\/focus-webmarketing.fr\/en\/wp-json\/wp\/v2\/pages"}],"about":[{"href":"https:\/\/focus-webmarketing.fr\/en\/wp-json\/wp\/v2\/types\/page"}],"author":[{"embeddable":true,"href":"https:\/\/focus-webmarketing.fr\/en\/wp-json\/wp\/v2\/users\/1"}],"replies":[{"embeddable":true,"href":"https:\/\/focus-webmarketing.fr\/en\/wp-json\/wp\/v2\/comments?post=25234"}],"version-history":[{"count":0,"href":"https:\/\/focus-webmarketing.fr\/en\/wp-json\/wp\/v2\/pages\/25234\/revisions"}],"wp:attachment":[{"href":"https:\/\/focus-webmarketing.fr\/en\/wp-json\/wp\/v2\/media?parent=25234"}],"curies":[{"name":"wp","href":"https:\/\/api.w.org\/{rel}","templated":true}]}}